{"id":5419,"date":"2017-10-08T12:25:50","date_gmt":"2017-10-08T11:25:50","guid":{"rendered":"http:\/\/www.mcronny-berlin.de\/?page_id=5419"},"modified":"2018-03-29T10:57:37","modified_gmt":"2018-03-29T09:57:37","slug":"ueber-mcronny-ontour","status":"publish","type":"page","link":"https:\/\/www.mcronny-berlin.de\/","title":{"rendered":"\u00dcber McRonny Ontour"},"content":{"rendered":"<p><a title=\"ZU den Reiseberichten\" href=\"https:\/\/www.mcronny-berlin.de\/?page_id=6195\"><img decoding=\"async\" loading=\"lazy\" class=\"wp-image-6202 size-medium alignleft\" src=\"https:\/\/www.mcronny-berlin.de\/wp-content\/uploads\/2018\/02\/bericht_1518464388-300x200.jpg\" alt=\"\" width=\"300\" height=\"200\" srcset=\"https:\/\/www.mcronny-berlin.de\/wp-content\/uploads\/2018\/02\/bericht_1518464388-300x200.jpg 300w, https:\/\/www.mcronny-berlin.de\/wp-content\/uploads\/2018\/02\/bericht_1518464388-150x100.jpg 150w, https:\/\/www.mcronny-berlin.de\/wp-content\/uploads\/2018\/02\/bericht_1518464388-768x512.jpg 768w, https:\/\/www.mcronny-berlin.de\/wp-content\/uploads\/2018\/02\/bericht_1518464388-1024x682.jpg 1024w, https:\/\/www.mcronny-berlin.de\/wp-content\/uploads\/2018\/02\/bericht_1518464388.jpg 1280w\" sizes=\"(max-width: 300px) 100vw, 300px\" \/><\/a><\/p>\n<p><span style=\"font-size: 14pt; font-family: book\\ antiqua, palatino, serif;\"><span style=\"color: #603913;\">Letztens im dichten Berliner Stadtverkehr, fuhren wir hinter einem Auto, dessen Heck die Worte<\/span> <\/span><\/p>\n<p><span style=\"font-size: 14pt; font-family: book\\ antiqua, palatino, serif;\">&#8220;<span style=\"color: #009500;\"><em>Reise vor dem Sterben, sonst reisen deine Erben<\/em><\/span>&#8220;<\/span><\/p>\n<p><span style=\"font-size: 14pt; font-family: book\\ antiqua, palatino, serif; color: #603913;\"> in Form eines Aufklebers schm\u00fcckte.<br \/>\n<\/span><\/p>\n<p><span style=\"font-size: 14pt; font-family: book\\ antiqua, palatino, serif;\"><span style=\"color: #603913;\">In dieser Aufforderung steckt sicher viel Weisheit. Aber bei diesem Ratschlag geht es wohl eher darum das eigenen Verm\u00f6gen f\u00fcr sich selbst zu nutzen, als es f\u00fcr die Erben in einem Tresor oder Bankkonto zu verwahren. <\/span><\/span><\/p>\n<p><span style=\"font-size: 14pt; font-family: book\\ antiqua, palatino, serif;\"><span style=\"color: #603913;\">Wenn es um den Rat zum Reisen selbst geht, hat es der deutsche Schriftsteller und Journalist\u00a0 <a style=\"color: #603913;\" href=\"https:\/\/de.wikipedia.org\/wiki\/Kurt_Tucholsky\">Kurt Tucholsky<\/a> viel optimistischer und treffender folgenderma\u00dfen beschrieben.<\/span><\/span><\/p>\n<p><span style=\"font-size: 14pt; font-family: book\\ antiqua, palatino, serif;\">&#8220;<em><span style=\"font-family: comic\\ sans\\ ms, sans-serif; color: #0000f2;\">Die gr\u00f6\u00dfte Sehensw\u00fcrdigkeit, die es gibt, ist die Welt \u2013 sieh sie dir an.<\/span><\/em>&#8220;<\/span><\/p>\n<p><span style=\"font-size: 14pt; font-family: book\\ antiqua, palatino, serif;\"><a href=\"https:\/\/www.mcronny-berlin.de\/?attachment_id=6301\" rel=\"attachment wp-att-6301\"><img decoding=\"async\" loading=\"lazy\" class=\"wp-image-6301 alignright\" src=\"https:\/\/www.mcronny-berlin.de\/wp-content\/uploads\/2018\/02\/welt_1519413851-150x100.jpg\" alt=\"\" width=\"371\" height=\"248\" srcset=\"https:\/\/www.mcronny-berlin.de\/wp-content\/uploads\/2018\/02\/welt_1519413851-150x100.jpg 150w, https:\/\/www.mcronny-berlin.de\/wp-content\/uploads\/2018\/02\/welt_1519413851-300x200.jpg 300w, https:\/\/www.mcronny-berlin.de\/wp-content\/uploads\/2018\/02\/welt_1519413851-768x512.jpg 768w, https:\/\/www.mcronny-berlin.de\/wp-content\/uploads\/2018\/02\/welt_1519413851-1024x682.jpg 1024w, https:\/\/www.mcronny-berlin.de\/wp-content\/uploads\/2018\/02\/welt_1519413851.jpg 1280w\" sizes=\"(max-width: 371px) 100vw, 371px\" \/><\/a><\/span><\/p>\n<p><span style=\"font-size: 14pt; font-family: book\\ antiqua, palatino, serif; color: #603913;\">\u00a0<\/span><\/p>\n<p><span style=\"font-size: 14pt; font-family: book\\ antiqua, palatino, serif; color: #603913;\">Aber <span style=\"color: #ce0000;\"><em>Reisen<\/em><\/span> ist nicht gleich <span style=\"color: #ce0000;\"><em>Reisen<\/em><\/span>. <\/span><\/p>\n<p><span style=\"font-size: 14pt; font-family: book\\ antiqua, palatino, serif; color: #603913;\">Ist das schon reisen wenn man den h\u00e4uslichen Mittelpunkt f\u00fcr Wochen an einen anderen Ort in der Welt zu verlegen ? <\/span><\/p>\n<p><span style=\"font-size: 14pt; font-family: book\\ antiqua, palatino, serif; color: #603913;\">Man kehrt jedes Jahr zur\u00fcck, erfreut sich der Tatsache vom Wirt mit einer Umarmung begr\u00fc\u00dft zu werden. Erlebt den ersten Urlaub, an diesem Ort, Jahr f\u00fcr Jahr wieder.\u00a0 Ein Vorstellung mit der wir uns im Augenblick nur sehr wenig anfreunden k\u00f6nnen.\u00a0<\/span><\/p>\n<p><span style=\"color: #603913; font-family: book\\ antiqua, palatino, serif; font-size: 14pt;\">Oder man greift spontan den Rucksack und nimmt das Reisegef\u00e4hrt seiner Wahl zum erstbesten Ort. Das hat bestimmt auch seine Reize wenn man jung genug ist.\u00a0 <\/span><a href=\"https:\/\/www.mcronny-berlin.de\/?attachment_id=6318\" rel=\"attachment wp-att-6318\"><img decoding=\"async\" loading=\"lazy\" class=\"wp-image-6318 alignleft\" src=\"https:\/\/www.mcronny-berlin.de\/wp-content\/uploads\/2018\/02\/urlaub_1519583271-300x199.jpg\" alt=\"\" width=\"347\" height=\"230\" srcset=\"https:\/\/www.mcronny-berlin.de\/wp-content\/uploads\/2018\/02\/urlaub_1519583271-300x199.jpg 300w, https:\/\/www.mcronny-berlin.de\/wp-content\/uploads\/2018\/02\/urlaub_1519583271-150x99.jpg 150w, https:\/\/www.mcronny-berlin.de\/wp-content\/uploads\/2018\/02\/urlaub_1519583271-768x508.jpg 768w, https:\/\/www.mcronny-berlin.de\/wp-content\/uploads\/2018\/02\/urlaub_1519583271-1024x678.jpg 1024w, https:\/\/www.mcronny-berlin.de\/wp-content\/uploads\/2018\/02\/urlaub_1519583271.jpg 1280w\" sizes=\"(max-width: 347px) 100vw, 347px\" \/><\/a><\/p>\n<p>&nbsp;<\/p>\n<p><span style=\"font-size: 14pt; font-family: book\\ antiqua, palatino, serif; color: #603913;\">Meer oder Berge? Stadt oder Natur? Abenteuer oder Strandliege? <\/span><span style=\"font-size: 14pt; font-family: book\\ antiqua, palatino, serif; color: #603913;\">Hotel oder Herberge? <\/span><span style=\"font-size: 14pt; font-family: book\\ antiqua, palatino, serif; color: #603913;\">Gruppen\u00fcbung oder Alleingang? Pauschal oder Individualreise?<br \/>\n<\/span><\/p>\n<p><span style=\"font-size: 14pt; font-family: book\\ antiqua, palatino, serif; color: #603913;\">F\u00fcr uns ist ist neues Erleben ein kleiner Bestandteil f\u00fcr unsere Touren. Sooft es nur geht, ist Meer ein ganz wichtige Zutat unserer Touren. Zum gucken , baden oder relaxen. Egal ob Stunden oder auch mal 14 Tage, Urlaub mit Strand und Meer geh\u00f6ren f\u00fcr uns zusammen. Wir f\u00fchlen uns in St\u00e4dten mehr als zu Hause und k\u00f6nnen Natur in jeder Form genie\u00dfen. Stunden oder\u00a0 Tage auf einer Sonnenliege sprechen uns genauso an wie das Sammeln von neuen Eindr\u00fccken in ungewohnter Umgebung.\u00a0<\/span><\/p>\n<p><a href=\"https:\/\/www.mcronny-berlin.de\/?attachment_id=6331\" rel=\"attachment wp-att-6331\"><img decoding=\"async\" loading=\"lazy\" class=\" wp-image-6331 alignright\" src=\"https:\/\/www.mcronny-berlin.de\/wp-content\/uploads\/2018\/02\/flugzeug_1519658894-300x200.jpg\" alt=\"\" width=\"360\" height=\"240\" srcset=\"https:\/\/www.mcronny-berlin.de\/wp-content\/uploads\/2018\/02\/flugzeug_1519658894-300x200.jpg 300w, https:\/\/www.mcronny-berlin.de\/wp-content\/uploads\/2018\/02\/flugzeug_1519658894-150x100.jpg 150w, https:\/\/www.mcronny-berlin.de\/wp-content\/uploads\/2018\/02\/flugzeug_1519658894-768x512.jpg 768w, https:\/\/www.mcronny-berlin.de\/wp-content\/uploads\/2018\/02\/flugzeug_1519658894-1024x683.jpg 1024w, https:\/\/www.mcronny-berlin.de\/wp-content\/uploads\/2018\/02\/flugzeug_1519658894.jpg 1280w\" sizes=\"(max-width: 360px) 100vw, 360px\" \/><\/a><\/p>\n<p><span style=\"font-size: 14pt; font-family: book\\ antiqua, palatino, serif; color: #603913;\">Den Luxus eines drei bis vier Sterne Hotel ziehen wir nach M\u00f6glichkeit jedem Hostel vor. Deshalb buchen wir unsere Unterk\u00fcnfte im Voraus. Einfach unpauschal wenn es um eine mehrt\u00e4gige Stadt.- oder Rundreise geht. Fl\u00fcge, \u00dcbernachtungen, Mietwagen und Ausfl\u00fcge selbst zusammen gestellt und im Voraus gebucht.<\/span><\/p>\n<p>&nbsp;<\/p>\n<p><span style=\"font-size: 14pt; font-family: book\\ antiqua, palatino, serif; color: #603913;\">McRonny Ontour entstand urspr\u00fcnglich aus Idee, auf interessante Art und Weise, den Zuhause geblieben Familienmitglieder auf der Vater und Sohn Tour an der Westk\u00fcste der USA, die M\u00f6glichkeit zu geben an einer Reise teil zu haben. Mit der Zeit ist aber auch eine Art Tagebuch daraus geworden. Eine M\u00f6glichkeit die Erinnerungen an die sch\u00f6nsten Tage des Jahres noch mal zu erleben.<br \/>\n<\/span><\/p>\n<figure id=\"attachment_6346\" aria-describedby=\"caption-attachment-6346\" style=\"width: 258px\" class=\"wp-caption alignright\"><a href=\"https:\/\/www.mcronny-berlin.de\/?attachment_id=6346\" rel=\"attachment wp-att-6346\"><img decoding=\"async\" loading=\"lazy\" class=\"wp-image-6346\" src=\"https:\/\/www.mcronny-berlin.de\/wp-content\/uploads\/2018\/02\/Tagebuch_1519660797-150x100.jpg\" alt=\"\" width=\"258\" height=\"172\" srcset=\"https:\/\/www.mcronny-berlin.de\/wp-content\/uploads\/2018\/02\/Tagebuch_1519660797-150x100.jpg 150w, https:\/\/www.mcronny-berlin.de\/wp-content\/uploads\/2018\/02\/Tagebuch_1519660797-300x200.jpg 300w, https:\/\/www.mcronny-berlin.de\/wp-content\/uploads\/2018\/02\/Tagebuch_1519660797-768x512.jpg 768w, https:\/\/www.mcronny-berlin.de\/wp-content\/uploads\/2018\/02\/Tagebuch_1519660797-1024x682.jpg 1024w, https:\/\/www.mcronny-berlin.de\/wp-content\/uploads\/2018\/02\/Tagebuch_1519660797.jpg 1280w\" sizes=\"(max-width: 258px) 100vw, 258px\" \/><\/a><figcaption id=\"caption-attachment-6346\" class=\"wp-caption-text\"><a href=\"https:\/\/www.mcronny-berlin.de\/?page_id=6195\" rel=\"attachment wp-att-6346\">Zu den Reiseberichten<\/a><\/figcaption><\/figure>\n<p><span style=\"font-size: 14pt; font-family: book\\ antiqua, palatino, serif;\"><span style=\"color: #603913;\">Abschie\u00dfend von ein Zitat der amerikanische Schriftstellerin Susan Sontag<\/span>.<\/span><\/p>\n<p>&#8220;<em><span style=\"color: #0000ce; font-family: comic\\ sans\\ ms, sans-serif; font-size: 14pt;\">I haven&#8217;t been everywhere, but it&#8217;s on my list.<\/span><\/em>&#8221;<\/p>\n<p>&#8220;<em><span style=\"font-family: comic\\ sans\\ ms, sans-serif; color: #0000ce;\">Ich war noch nicht \u00fcberall, aber es steht auf meiner Liste.<\/span><\/em>&#8221;<\/p>\n<p>&nbsp;<\/p>\n<p>&nbsp;<\/p>\n<p>&nbsp;<\/p>\n<div class=\"shariff shariff-align-flex-start shariff-widget-align-flex-start\" data-services=\"facebook\" data-url=\"https%3A%2F%2Fwww.mcronny-berlin.de%2F\" data-timestamp=\"1522321057\" data-hidezero=\"1\" data-backendurl=\"?rest_route=\/shariff\/v1\/share_counts&\"><div class=\"ShariffHeadline\">Teile diesen Beitrag<\/div><ul class=\"shariff-buttons theme-default orientation-horizontal buttonsize-medium\"><li class=\"shariff-button facebook shariff-nocustomcolor\" style=\"background-color:#4273c8\"><a href=\"https:\/\/www.facebook.com\/sharer\/sharer.php?u=https%3A%2F%2Fwww.mcronny-berlin.de%2F\" title=\"Bei Facebook teilen\" aria-label=\"Bei Facebook teilen\" role=\"button\" rel=\"nofollow\" class=\"shariff-link\" style=\"; background-color:#3b5998; color:#fff\" target=\"_blank\"><span class=\"shariff-icon\" style=\"\"><svg width=\"32px\" height=\"20px\" xmlns=\"http:\/\/www.w3.org\/2000\/svg\" viewBox=\"0 0 18 32\"><path fill=\"#3b5998\" d=\"M17.1 0.2v4.7h-2.8q-1.5 0-2.1 0.6t-0.5 1.9v3.4h5.2l-0.7 5.3h-4.5v13.6h-5.5v-13.6h-4.5v-5.3h4.5v-3.9q0-3.3 1.9-5.2t5-1.8q2.6 0 4.1 0.2z\"\/><\/svg><\/span><span class=\"shariff-text\">teilen<\/span>&nbsp;<span data-service=\"facebook\" style=\"color:#3b5998\" class=\"shariff-count shariff-hidezero\"><\/span>&nbsp;<\/a><\/li><\/ul><\/div>","protected":false},"excerpt":{"rendered":"<p>Letztens im dichten Berliner Stadtverkehr, fuhren wir hinter einem Auto, dessen Heck die Worte &#8220;Reise vor dem Sterben, sonst reisen deine Erben&#8220; in Form eines Aufklebers schm\u00fcckte. In dieser Aufforderung steckt sicher viel Weisheit. Aber bei diesem Ratschlag geht es wohl eher darum das eigenen Verm\u00f6gen f\u00fcr sich selbst zu nutzen, als es f\u00fcr die&#8230;<\/p>\n<div class=\"shariff shariff-align-flex-start shariff-widget-align-flex-start\" data-services=\"facebook\" data-url=\"https%3A%2F%2Fwww.mcronny-berlin.de%2F\" data-timestamp=\"1522321057\" data-hidezero=\"1\" data-backendurl=\"?rest_route=\/shariff\/v1\/share_counts&\"><div class=\"ShariffHeadline\">Teile diesen Beitrag<\/div><ul class=\"shariff-buttons theme-default orientation-horizontal buttonsize-medium\"><li class=\"shariff-button facebook shariff-nocustomcolor\" style=\"background-color:#4273c8\"><a href=\"https:\/\/www.facebook.com\/sharer\/sharer.php?u=https%3A%2F%2Fwww.mcronny-berlin.de%2F\" title=\"Bei Facebook teilen\" aria-label=\"Bei Facebook teilen\" role=\"button\" rel=\"nofollow\" class=\"shariff-link\" style=\"; background-color:#3b5998; color:#fff\" target=\"_blank\"><span class=\"shariff-icon\" style=\"\"><svg width=\"32px\" height=\"20px\" xmlns=\"http:\/\/www.w3.org\/2000\/svg\" viewBox=\"0 0 18 32\"><path fill=\"#3b5998\" d=\"M17.1 0.2v4.7h-2.8q-1.5 0-2.1 0.6t-0.5 1.9v3.4h5.2l-0.7 5.3h-4.5v13.6h-5.5v-13.6h-4.5v-5.3h4.5v-3.9q0-3.3 1.9-5.2t5-1.8q2.6 0 4.1 0.2z\"\/><\/svg><\/span><span class=\"shariff-text\">teilen<\/span>&nbsp;<span data-service=\"facebook\" style=\"color:#3b5998\" class=\"shariff-count shariff-hidezero\"><\/span>&nbsp;<\/a><\/li><\/ul><\/div>","protected":false},"author":1,"featured_media":0,"parent":0,"menu_order":0,"comment_status":"closed","ping_status":"closed","template":"","meta":{"_uag_custom_page_level_css":"","_themeisle_gutenberg_block_has_review":false},"featured_image_urls":{"full":"","thumbnail":"","medium":"","medium_large":"","large":"","1536x1536":"","2048x2048":"","ab-block-post-grid-landscape":"","ab-block-post-grid-square":"","gb-block-post-grid-landscape":"","gb-block-post-grid-square":"","freak-slider-thumb":"","freak-pop-thumb":"","freak-thumb":""},"post_excerpt_stackable":"<p>Letztens im dichten Berliner Stadtverkehr, fuhren wir hinter einem Auto, dessen Heck die Worte &#8220;Reise vor dem Sterben, sonst reisen deine Erben&#8220; in Form eines Aufklebers schm\u00fcckte. In dieser Aufforderung steckt sicher viel Weisheit. Aber bei diesem Ratschlag geht es wohl eher darum das eigenen Verm\u00f6gen f\u00fcr sich selbst zu nutzen, als es f\u00fcr die Erben in einem Tresor oder Bankkonto zu verwahren. Wenn es um den Rat zum Reisen selbst geht, hat es der deutsche Schriftsteller und Journalist\u00a0 Kurt Tucholsky viel optimistischer und treffender folgenderma\u00dfen beschrieben. &#8220;Die gr\u00f6\u00dfte Sehensw\u00fcrdigkeit, die es gibt, ist die Welt \u2013 sieh sie dir&hellip;<\/p>\n<div class=\"shariff shariff-align-flex-start shariff-widget-align-flex-start\" data-services=\"facebook\" data-url=\"https%3A%2F%2Fwww.mcronny-berlin.de%2F\" data-timestamp=\"1522321057\" data-hidezero=\"1\" data-backendurl=\"?rest_route=\/shariff\/v1\/share_counts&\"><div class=\"ShariffHeadline\">Teile diesen Beitrag<\/div><ul class=\"shariff-buttons theme-default orientation-horizontal buttonsize-medium\"><li class=\"shariff-button facebook shariff-nocustomcolor\" style=\"background-color:#4273c8\"><a href=\"https:\/\/www.facebook.com\/sharer\/sharer.php?u=https%3A%2F%2Fwww.mcronny-berlin.de%2F\" title=\"Bei Facebook teilen\" aria-label=\"Bei Facebook teilen\" role=\"button\" rel=\"nofollow\" class=\"shariff-link\" style=\"; background-color:#3b5998; color:#fff\" target=\"_blank\"><span class=\"shariff-icon\" style=\"\"><svg width=\"32px\" height=\"20px\" xmlns=\"http:\/\/www.w3.org\/2000\/svg\" viewBox=\"0 0 18 32\"><path fill=\"#3b5998\" d=\"M17.1 0.2v4.7h-2.8q-1.5 0-2.1 0.6t-0.5 1.9v3.4h5.2l-0.7 5.3h-4.5v13.6h-5.5v-13.6h-4.5v-5.3h4.5v-3.9q0-3.3 1.9-5.2t5-1.8q2.6 0 4.1 0.2z\"\/><\/svg><\/span><span class=\"shariff-text\">teilen<\/span>&nbsp;<span data-service=\"facebook\" style=\"color:#3b5998\" class=\"shariff-count shariff-hidezero\"><\/span>&nbsp;<\/a><\/li><\/ul><\/div>","category_list":"","author_info":{"name":"McRonny","url":"https:\/\/www.mcronny-berlin.de\/?author=1"},"comments_num":"0 comments","featured_image_urls_v2":{"full":"","thumbnail":"","medium":"","medium_large":"","large":"","1536x1536":"","2048x2048":"","ab-block-post-grid-landscape":"","ab-block-post-grid-square":"","gb-block-post-grid-landscape":"","gb-block-post-grid-square":"","freak-slider-thumb":"","freak-pop-thumb":"","freak-thumb":""},"post_excerpt_stackable_v2":"<p>Letztens im dichten Berliner Stadtverkehr, fuhren wir hinter einem Auto, dessen Heck die Worte &#8220;Reise vor dem Sterben, sonst reisen deine Erben&#8220; in Form eines Aufklebers schm\u00fcckte. In dieser Aufforderung steckt sicher viel Weisheit. Aber bei diesem Ratschlag geht es wohl eher darum das eigenen Verm\u00f6gen f\u00fcr sich selbst zu nutzen, als es f\u00fcr die Erben in einem Tresor oder Bankkonto zu verwahren. Wenn es um den Rat zum Reisen selbst geht, hat es der deutsche Schriftsteller und Journalist\u00a0 Kurt Tucholsky viel optimistischer und treffender folgenderma\u00dfen beschrieben. &#8220;Die gr\u00f6\u00dfte Sehensw\u00fcrdigkeit, die es gibt, ist die Welt \u2013 sieh sie dir&hellip;<\/p>\n<div class=\"shariff shariff-align-flex-start shariff-widget-align-flex-start\" data-services=\"facebook\" data-url=\"https%3A%2F%2Fwww.mcronny-berlin.de%2F\" data-timestamp=\"1522321057\" data-hidezero=\"1\" data-backendurl=\"?rest_route=\/shariff\/v1\/share_counts&\"><div class=\"ShariffHeadline\">Teile diesen Beitrag<\/div><ul class=\"shariff-buttons theme-default orientation-horizontal buttonsize-medium\"><li class=\"shariff-button facebook shariff-nocustomcolor\" style=\"background-color:#4273c8\"><a href=\"https:\/\/www.facebook.com\/sharer\/sharer.php?u=https%3A%2F%2Fwww.mcronny-berlin.de%2F\" title=\"Bei Facebook teilen\" aria-label=\"Bei Facebook teilen\" role=\"button\" rel=\"nofollow\" class=\"shariff-link\" style=\"; background-color:#3b5998; color:#fff\" target=\"_blank\"><span class=\"shariff-icon\" style=\"\"><svg width=\"32px\" height=\"20px\" xmlns=\"http:\/\/www.w3.org\/2000\/svg\" viewBox=\"0 0 18 32\"><path fill=\"#3b5998\" d=\"M17.1 0.2v4.7h-2.8q-1.5 0-2.1 0.6t-0.5 1.9v3.4h5.2l-0.7 5.3h-4.5v13.6h-5.5v-13.6h-4.5v-5.3h4.5v-3.9q0-3.3 1.9-5.2t5-1.8q2.6 0 4.1 0.2z\"\/><\/svg><\/span><span class=\"shariff-text\">teilen<\/span>&nbsp;<span data-service=\"facebook\" style=\"color:#3b5998\" class=\"shariff-count shariff-hidezero\"><\/span>&nbsp;<\/a><\/li><\/ul><\/div>","category_list_v2":"","author_info_v2":{"name":"McRonny","url":"https:\/\/www.mcronny-berlin.de\/?author=1"},"comments_num_v2":"0 comments","featured_image_src":null,"featured_image_src_square":null,"uagb_featured_image_src":{"full":false,"thumbnail":false,"medium":false,"medium_large":false,"large":false,"1536x1536":false,"2048x2048":false,"ab-block-post-grid-landscape":false,"ab-block-post-grid-square":false,"gb-block-post-grid-landscape":false,"gb-block-post-grid-square":false,"freak-slider-thumb":false,"freak-pop-thumb":false,"freak-thumb":false},"uagb_author_info":{"display_name":"McRonny","author_link":"https:\/\/www.mcronny-berlin.de\/?author=1"},"uagb_comment_info":0,"uagb_excerpt":"Letztens im dichten Berliner Stadtverkehr, fuhren wir hinter einem Auto, dessen Heck die Worte &#8220;Reise vor dem Sterben, sonst reisen deine Erben&#8220; in Form eines Aufklebers schm\u00fcckte. In dieser Aufforderung steckt sicher viel Weisheit. Aber bei diesem Ratschlag geht es wohl eher darum das eigenen Verm\u00f6gen f\u00fcr sich selbst zu nutzen, als es f\u00fcr die...","_links":{"self":[{"href":"https:\/\/www.mcronny-berlin.de\/index.php?rest_route=\/wp\/v2\/pages\/5419"}],"collection":[{"href":"https:\/\/www.mcronny-berlin.de\/index.php?rest_route=\/wp\/v2\/pages"}],"about":[{"href":"https:\/\/www.mcronny-berlin.de\/index.php?rest_route=\/wp\/v2\/types\/page"}],"author":[{"embeddable":true,"href":"https:\/\/www.mcronny-berlin.de\/index.php?rest_route=\/wp\/v2\/users\/1"}],"replies":[{"embeddable":true,"href":"https:\/\/www.mcronny-berlin.de\/index.php?rest_route=%2Fwp%2Fv2%2Fcomments&post=5419"}],"version-history":[{"count":59,"href":"https:\/\/www.mcronny-berlin.de\/index.php?rest_route=\/wp\/v2\/pages\/5419\/revisions"}],"predecessor-version":[{"id":6568,"href":"https:\/\/www.mcronny-berlin.de\/index.php?rest_route=\/wp\/v2\/pages\/5419\/revisions\/6568"}],"wp:attachment":[{"href":"https:\/\/www.mcronny-berlin.de\/index.php?rest_route=%2Fwp%2Fv2%2Fmedia&parent=5419"}],"curies":[{"name":"wp","href":"https:\/\/api.w.org\/{rel}","templated":true}]}}