{"id":435,"date":"2014-07-09T20:44:20","date_gmt":"2014-07-09T19:44:20","guid":{"rendered":"http:\/\/www.mcronny-berlin.de\/?page_id=435"},"modified":"2017-08-02T16:03:00","modified_gmt":"2017-08-02T15:03:00","slug":"impressionen-usa","status":"publish","type":"page","link":"https:\/\/www.mcronny-berlin.de\/?page_id=435","title":{"rendered":"Begegnungen&#8230;.."},"content":{"rendered":"<p><span><\/span><span><\/span><span><\/span>&#8230;. mit Land und Leuten, oder wie unterschiedlich k\u00f6nnen Kulturen sein.&nbsp;<br \/>\nLas Vegas &#8211; Obdachlosen ein paar M\u00fcnzen spendiert- Schwarze Passanten &#8220;God bles you&#8221;<br \/>\n<span><\/span><span><\/span><span><\/span> &#8211; Farbiger Mlife Mitarbeiter der ziemlich unentspannt war.<br \/>\n<span><\/span><span><\/span><span><\/span> &#8211; Im Coccos die Kellnerin die st\u00e4ndig Jannicks Glas nachf\u00fcllte<br \/>\n<span><\/span><span><\/span><span><\/span> &#8211; Im Bus der Australier<\/p>\n<p><span><\/span><span><\/span><span><\/span>Yosemetie &#8211; Ein paar mit f\u00fcnf Kinder die uns baten ein Foto von ihnen am Half Dome auf zunehmen und uns ein Teil ihrer Geschichte erz\u00e4hlten<\/p>\n<p><span><\/span><span><\/span><span><\/span>Mariposa &#8211; Fahrradfahrer der mich ansprach wegen einer Pizzeria und den ich noch mal wieder traf und der mir von seiner Zeit in Deutschland Heidelberg erz\u00e4hlte<\/p>\n<p><span><\/span><span><\/span><span><\/span>Santa Cruz &#8211; Ein Hotelbewohnerin die sich bel\u00e4stigt f\u00fchlte als ich meinen Sohn fotografierte.<\/p>\n<p><span><\/span><span><\/span><span><\/span>Camel &#8211; Der Motorradfahrer in voller Montour der sich als Dodger Fan \u00e4u\u00dferte &#8220;Do you smell&#8221;<\/p>\n<p><span><\/span><span><\/span><span><\/span>Los Angeles &#8211; Im Dodger Stadion die Fan&#8217;s<\/p>\n<p>St George &#8211; Kid erz\u00e4hlt einen Witz<\/p>\n<p><span><\/span><span><\/span>New York &#8211; Verk\u00e4ufer im HBO Laden<\/p>\n<p>Beim Italiener<\/p>\n<p><span><\/span><span><\/span>Flughafen &#8211; To Late<\/p>\n<p><span><\/span><span><\/span>Limosienen Fahrer<\/p>\n<div class=\"shariff shariff-align-flex-start shariff-widget-align-flex-start\" data-services=\"facebook\" data-url=\"https%3A%2F%2Fwww.mcronny-berlin.de%2F%3Fpage_id%3D435\" data-timestamp=\"1501689780\" data-hidezero=\"1\" data-backendurl=\"?rest_route=\/shariff\/v1\/share_counts&\"><div class=\"ShariffHeadline\">Teile diesen Beitrag<\/div><ul class=\"shariff-buttons theme-default orientation-horizontal buttonsize-medium\"><li class=\"shariff-button facebook shariff-nocustomcolor\" style=\"background-color:#4273c8\"><a href=\"https:\/\/www.facebook.com\/sharer\/sharer.php?u=https%3A%2F%2Fwww.mcronny-berlin.de%2F%3Fpage_id%3D435\" title=\"Bei Facebook teilen\" aria-label=\"Bei Facebook teilen\" role=\"button\" rel=\"nofollow\" class=\"shariff-link\" style=\"; background-color:#3b5998; color:#fff\" target=\"_blank\"><span class=\"shariff-icon\" style=\"\"><svg width=\"32px\" height=\"20px\" xmlns=\"http:\/\/www.w3.org\/2000\/svg\" viewBox=\"0 0 18 32\"><path fill=\"#3b5998\" d=\"M17.1 0.2v4.7h-2.8q-1.5 0-2.1 0.6t-0.5 1.9v3.4h5.2l-0.7 5.3h-4.5v13.6h-5.5v-13.6h-4.5v-5.3h4.5v-3.9q0-3.3 1.9-5.2t5-1.8q2.6 0 4.1 0.2z\"\/><\/svg><\/span><span class=\"shariff-text\">teilen<\/span>&nbsp;<span data-service=\"facebook\" style=\"color:#3b5998\" class=\"shariff-count shariff-hidezero\"><\/span>&nbsp;<\/a><\/li><\/ul><\/div>","protected":false},"excerpt":{"rendered":"<p>&#8230;. mit Land und Leuten, oder wie unterschiedlich k\u00f6nnen Kulturen sein.&nbsp; Las Vegas &#8211; Obdachlosen ein paar M\u00fcnzen spendiert- Schwarze Passanten &#8220;God bles you&#8221; &#8211; Farbiger Mlife Mitarbeiter der ziemlich unentspannt war. &#8211; Im Coccos die Kellnerin die st\u00e4ndig Jannicks Glas nachf\u00fcllte &#8211; Im Bus der Australier Yosemetie &#8211; Ein paar mit f\u00fcnf Kinder die&#8230;<\/p>\n<div class=\"shariff shariff-align-flex-start shariff-widget-align-flex-start\" data-services=\"facebook\" data-url=\"https%3A%2F%2Fwww.mcronny-berlin.de%2F%3Fpage_id%3D435\" data-timestamp=\"1501689780\" data-hidezero=\"1\" data-backendurl=\"?rest_route=\/shariff\/v1\/share_counts&\"><div class=\"ShariffHeadline\">Teile diesen Beitrag<\/div><ul class=\"shariff-buttons theme-default orientation-horizontal buttonsize-medium\"><li class=\"shariff-button facebook shariff-nocustomcolor\" style=\"background-color:#4273c8\"><a href=\"https:\/\/www.facebook.com\/sharer\/sharer.php?u=https%3A%2F%2Fwww.mcronny-berlin.de%2F%3Fpage_id%3D435\" title=\"Bei Facebook teilen\" aria-label=\"Bei Facebook teilen\" role=\"button\" rel=\"nofollow\" class=\"shariff-link\" style=\"; background-color:#3b5998; color:#fff\" target=\"_blank\"><span class=\"shariff-icon\" style=\"\"><svg width=\"32px\" height=\"20px\" xmlns=\"http:\/\/www.w3.org\/2000\/svg\" viewBox=\"0 0 18 32\"><path fill=\"#3b5998\" d=\"M17.1 0.2v4.7h-2.8q-1.5 0-2.1 0.6t-0.5 1.9v3.4h5.2l-0.7 5.3h-4.5v13.6h-5.5v-13.6h-4.5v-5.3h4.5v-3.9q0-3.3 1.9-5.2t5-1.8q2.6 0 4.1 0.2z\"\/><\/svg><\/span><span class=\"shariff-text\">teilen<\/span>&nbsp;<span data-service=\"facebook\" style=\"color:#3b5998\" class=\"shariff-count shariff-hidezero\"><\/span>&nbsp;<\/a><\/li><\/ul><\/div>","protected":false},"author":1,"featured_media":0,"parent":0,"menu_order":0,"comment_status":"closed","ping_status":"open","template":"","meta":{"_uag_custom_page_level_css":"","_themeisle_gutenberg_block_has_review":false},"featured_image_urls":{"full":"","thumbnail":"","medium":"","medium_large":"","large":"","1536x1536":"","2048x2048":"","ab-block-post-grid-landscape":"","ab-block-post-grid-square":"","gb-block-post-grid-landscape":"","gb-block-post-grid-square":"","freak-slider-thumb":"","freak-pop-thumb":"","freak-thumb":""},"post_excerpt_stackable":"<p>&#8230;. mit Land und Leuten, oder wie unterschiedlich k\u00f6nnen Kulturen sein.&nbsp; Las Vegas &#8211; Obdachlosen ein paar M\u00fcnzen spendiert- Schwarze Passanten &#8220;God bles you&#8221; &#8211; Farbiger Mlife Mitarbeiter der ziemlich unentspannt war. &#8211; Im Coccos die Kellnerin die st\u00e4ndig Jannicks Glas nachf\u00fcllte &#8211; Im Bus der Australier Yosemetie &#8211; Ein paar mit f\u00fcnf Kinder die uns baten ein Foto von ihnen am Half Dome auf zunehmen und uns ein Teil ihrer Geschichte erz\u00e4hlten Mariposa &#8211; Fahrradfahrer der mich ansprach wegen einer Pizzeria und den ich noch mal wieder traf und der mir von seiner Zeit in Deutschland Heidelberg erz\u00e4hlte Santa&hellip;<\/p>\n<div class=\"shariff shariff-align-flex-start shariff-widget-align-flex-start\" data-services=\"facebook\" data-url=\"https%3A%2F%2Fwww.mcronny-berlin.de%2F%3Fpage_id%3D435\" data-timestamp=\"1501689780\" data-hidezero=\"1\" data-backendurl=\"?rest_route=\/shariff\/v1\/share_counts&\"><div class=\"ShariffHeadline\">Teile diesen Beitrag<\/div><ul class=\"shariff-buttons theme-default orientation-horizontal buttonsize-medium\"><li class=\"shariff-button facebook shariff-nocustomcolor\" style=\"background-color:#4273c8\"><a href=\"https:\/\/www.facebook.com\/sharer\/sharer.php?u=https%3A%2F%2Fwww.mcronny-berlin.de%2F%3Fpage_id%3D435\" title=\"Bei Facebook teilen\" aria-label=\"Bei Facebook teilen\" role=\"button\" rel=\"nofollow\" class=\"shariff-link\" style=\"; background-color:#3b5998; color:#fff\" target=\"_blank\"><span class=\"shariff-icon\" style=\"\"><svg width=\"32px\" height=\"20px\" xmlns=\"http:\/\/www.w3.org\/2000\/svg\" viewBox=\"0 0 18 32\"><path fill=\"#3b5998\" d=\"M17.1 0.2v4.7h-2.8q-1.5 0-2.1 0.6t-0.5 1.9v3.4h5.2l-0.7 5.3h-4.5v13.6h-5.5v-13.6h-4.5v-5.3h4.5v-3.9q0-3.3 1.9-5.2t5-1.8q2.6 0 4.1 0.2z\"\/><\/svg><\/span><span class=\"shariff-text\">teilen<\/span>&nbsp;<span data-service=\"facebook\" style=\"color:#3b5998\" class=\"shariff-count shariff-hidezero\"><\/span>&nbsp;<\/a><\/li><\/ul><\/div>","category_list":"","author_info":{"name":"McRonny","url":"https:\/\/www.mcronny-berlin.de\/?author=1"},"comments_num":"0 comments","featured_image_urls_v2":{"full":"","thumbnail":"","medium":"","medium_large":"","large":"","1536x1536":"","2048x2048":"","ab-block-post-grid-landscape":"","ab-block-post-grid-square":"","gb-block-post-grid-landscape":"","gb-block-post-grid-square":"","freak-slider-thumb":"","freak-pop-thumb":"","freak-thumb":""},"post_excerpt_stackable_v2":"<p>&#8230;. mit Land und Leuten, oder wie unterschiedlich k\u00f6nnen Kulturen sein.&nbsp; Las Vegas &#8211; Obdachlosen ein paar M\u00fcnzen spendiert- Schwarze Passanten &#8220;God bles you&#8221; &#8211; Farbiger Mlife Mitarbeiter der ziemlich unentspannt war. &#8211; Im Coccos die Kellnerin die st\u00e4ndig Jannicks Glas nachf\u00fcllte &#8211; Im Bus der Australier Yosemetie &#8211; Ein paar mit f\u00fcnf Kinder die uns baten ein Foto von ihnen am Half Dome auf zunehmen und uns ein Teil ihrer Geschichte erz\u00e4hlten Mariposa &#8211; Fahrradfahrer der mich ansprach wegen einer Pizzeria und den ich noch mal wieder traf und der mir von seiner Zeit in Deutschland Heidelberg erz\u00e4hlte Santa&hellip;<\/p>\n<div class=\"shariff shariff-align-flex-start shariff-widget-align-flex-start\" data-services=\"facebook\" data-url=\"https%3A%2F%2Fwww.mcronny-berlin.de%2F%3Fpage_id%3D435\" data-timestamp=\"1501689780\" data-hidezero=\"1\" data-backendurl=\"?rest_route=\/shariff\/v1\/share_counts&\"><div class=\"ShariffHeadline\">Teile diesen Beitrag<\/div><ul class=\"shariff-buttons theme-default orientation-horizontal buttonsize-medium\"><li class=\"shariff-button facebook shariff-nocustomcolor\" style=\"background-color:#4273c8\"><a href=\"https:\/\/www.facebook.com\/sharer\/sharer.php?u=https%3A%2F%2Fwww.mcronny-berlin.de%2F%3Fpage_id%3D435\" title=\"Bei Facebook teilen\" aria-label=\"Bei Facebook teilen\" role=\"button\" rel=\"nofollow\" class=\"shariff-link\" style=\"; background-color:#3b5998; color:#fff\" target=\"_blank\"><span class=\"shariff-icon\" style=\"\"><svg width=\"32px\" height=\"20px\" xmlns=\"http:\/\/www.w3.org\/2000\/svg\" viewBox=\"0 0 18 32\"><path fill=\"#3b5998\" d=\"M17.1 0.2v4.7h-2.8q-1.5 0-2.1 0.6t-0.5 1.9v3.4h5.2l-0.7 5.3h-4.5v13.6h-5.5v-13.6h-4.5v-5.3h4.5v-3.9q0-3.3 1.9-5.2t5-1.8q2.6 0 4.1 0.2z\"\/><\/svg><\/span><span class=\"shariff-text\">teilen<\/span>&nbsp;<span data-service=\"facebook\" style=\"color:#3b5998\" class=\"shariff-count shariff-hidezero\"><\/span>&nbsp;<\/a><\/li><\/ul><\/div>","category_list_v2":"","author_info_v2":{"name":"McRonny","url":"https:\/\/www.mcronny-berlin.de\/?author=1"},"comments_num_v2":"0 comments","featured_image_src":null,"featured_image_src_square":null,"uagb_featured_image_src":{"full":false,"thumbnail":false,"medium":false,"medium_large":false,"large":false,"1536x1536":false,"2048x2048":false,"ab-block-post-grid-landscape":false,"ab-block-post-grid-square":false,"gb-block-post-grid-landscape":false,"gb-block-post-grid-square":false,"freak-slider-thumb":false,"freak-pop-thumb":false,"freak-thumb":false},"uagb_author_info":{"display_name":"McRonny","author_link":"https:\/\/www.mcronny-berlin.de\/?author=1"},"uagb_comment_info":0,"uagb_excerpt":"&#8230;. mit Land und Leuten, oder wie unterschiedlich k\u00f6nnen Kulturen sein.&nbsp; Las Vegas &#8211; Obdachlosen ein paar M\u00fcnzen spendiert- Schwarze Passanten &#8220;God bles you&#8221; &#8211; Farbiger Mlife Mitarbeiter der ziemlich unentspannt war. &#8211; Im Coccos die Kellnerin die st\u00e4ndig Jannicks Glas nachf\u00fcllte &#8211; Im Bus der Australier Yosemetie &#8211; Ein paar mit f\u00fcnf Kinder die...","_links":{"self":[{"href":"https:\/\/www.mcronny-berlin.de\/index.php?rest_route=\/wp\/v2\/pages\/435"}],"collection":[{"href":"https:\/\/www.mcronny-berlin.de\/index.php?rest_route=\/wp\/v2\/pages"}],"about":[{"href":"https:\/\/www.mcronny-berlin.de\/index.php?rest_route=\/wp\/v2\/types\/page"}],"author":[{"embeddable":true,"href":"https:\/\/www.mcronny-berlin.de\/index.php?rest_route=\/wp\/v2\/users\/1"}],"replies":[{"embeddable":true,"href":"https:\/\/www.mcronny-berlin.de\/index.php?rest_route=%2Fwp%2Fv2%2Fcomments&post=435"}],"version-history":[{"count":12,"href":"https:\/\/www.mcronny-berlin.de\/index.php?rest_route=\/wp\/v2\/pages\/435\/revisions"}],"predecessor-version":[{"id":4872,"href":"https:\/\/www.mcronny-berlin.de\/index.php?rest_route=\/wp\/v2\/pages\/435\/revisions\/4872"}],"wp:attachment":[{"href":"https:\/\/www.mcronny-berlin.de\/index.php?rest_route=%2Fwp%2Fv2%2Fmedia&parent=435"}],"curies":[{"name":"wp","href":"https:\/\/api.w.org\/{rel}","templated":true}]}}