{"id":311,"date":"2014-07-07T19:06:16","date_gmt":"2014-07-07T18:06:16","guid":{"rendered":"http:\/\/www.mcronny-berlin.de\/?page_id=311"},"modified":"2018-02-25T13:06:20","modified_gmt":"2018-02-25T12:06:20","slug":"usa-eindruecke","status":"publish","type":"page","link":"https:\/\/www.mcronny-berlin.de\/?page_id=311","title":{"rendered":"USA &#8211; Wir kommen !"},"content":{"rendered":"<div class=\"rolo_wrapper default rolo_wrapper6\"><div id=\"rolo_5456_4\" class=\"owl-carousel rolo_slider clearfix \" data-anm=\"fade\" data-hgh=\"350\" data-slsp=\"800\" data-autp=\"on\" data-autps=\"3500\" data-hsb=\"\" data-scr=\"off\" data-bul=\"\" data-autst=\"on\" data-fw=\"no\"><div class=\"item\"><div class=\"slide-img\" style=\"background-image: url(http:\/\/www.mcronny-berlin.de\/wp-content\/uploads\/2017\/05\/Monument-Valley-1x.jpg)\" data-tanm=\"fade\" data-tanmdur=\"\" data-tanmdel=\"\" data-tanmv=\"\" data-stanm=\"slideup\" data-stanmdur=\"\" data-stanmdel=\"\" data-stanmv=\"\" data-danm=\"slideup\" data-danmdur=\"\" data-danmdel=\"\" data-danmv=\"\" data-banm=\"slideup\" data-banmdur=\"\" data-banmdel=\"\" data-banmv=\"\"><\/div><div class='slider-meta-outer-wrap left top has-caption'><div class='slider-meta-wrap'><div class='slide-layer'><h3 class='slider-title'>Monument Valley - Utah<\/h3><\/div><\/div><\/div><\/div><div class=\"item\"><div class=\"slide-img\" style=\"background-image: url(http:\/\/www.mcronny-berlin.de\/wp-content\/uploads\/2017\/05\/Yosemite.jpg)\" data-tanm=\"fade\" data-tanmdur=\"\" data-tanmdel=\"\" data-tanmv=\"\" data-stanm=\"slideup\" data-stanmdur=\"\" data-stanmdel=\"\" data-stanmv=\"\" data-danm=\"slideup\" data-danmdur=\"\" data-danmdel=\"\" data-danmv=\"\" data-banm=\"slideup\" data-banmdur=\"\" data-banmdel=\"\" data-banmv=\"\"><\/div><div class='slider-meta-outer-wrap right bottom has-caption'><div class='slider-meta-wrap'><div class='slide-layer'><h3 class='slider-title'>The Half Dome - Kalifornien<\/h3><\/div><\/div><\/div><\/div><div class=\"item\"><div class=\"slide-img\" style=\"background-image: url(http:\/\/www.mcronny-berlin.de\/wp-content\/uploads\/2017\/05\/DSC_1129.jpg)\" data-tanm=\"fade\" data-tanmdur=\"\" data-tanmdel=\"\" data-tanmv=\"\" data-stanm=\"slideup\" data-stanmdur=\"\" data-stanmdel=\"\" data-stanmv=\"\" data-danm=\"slideup\" data-danmdur=\"\" data-danmdel=\"\" data-danmv=\"\" data-banm=\"slideup\" data-banmdur=\"\" data-banmdel=\"\" data-banmv=\"\"><\/div><div class='slider-meta-outer-wrap right top has-caption'><div class='slider-meta-wrap'><div class='slide-layer'><h3 class='slider-title'>Las Vegas<\/h3><\/div><\/div><\/div><\/div><div class=\"item\"><div class=\"slide-img\" style=\"background-image: url(http:\/\/www.mcronny-berlin.de\/wp-content\/uploads\/2017\/05\/DSC_0571-z.jpg)\" data-tanm=\"fade\" data-tanmdur=\"\" data-tanmdel=\"\" data-tanmv=\"\" data-stanm=\"slideup\" data-stanmdur=\"\" data-stanmdel=\"\" data-stanmv=\"\" data-danm=\"slideup\" data-danmdur=\"\" data-danmdel=\"\" data-danmv=\"\" data-banm=\"slideup\" data-banmdur=\"\" data-banmdel=\"\" data-banmv=\"\"><\/div><div class='slider-meta-outer-wrap right top has-caption'><div class='slider-meta-wrap'><div class='slide-layer'><h3 class='slider-title'>The Golden Gate Bridge<\/h3><\/div><\/div><\/div><\/div><div class=\"item\"><div class=\"slide-img\" style=\"background-image: url(http:\/\/www.mcronny-berlin.de\/wp-content\/uploads\/2017\/05\/Rock-of-the-Top-Panorama-4.jpg)\" data-tanm=\"fade\" data-tanmdur=\"\" data-tanmdel=\"\" data-tanmv=\"\" data-stanm=\"slideup\" data-stanmdur=\"\" data-stanmdel=\"\" data-stanmv=\"\" data-danm=\"slideup\" data-danmdur=\"\" data-danmdel=\"\" data-danmv=\"\" data-banm=\"slideup\" data-banmdur=\"\" data-banmdel=\"\" data-banmv=\"\"><\/div><div class='slider-meta-outer-wrap right top has-caption'><div class='slider-meta-wrap'><div class='slide-layer'><h3 class='slider-title'>The Big Apple<\/h3><\/div><\/div><\/div><\/div><\/div><\/div>\n<p>&nbsp;<\/p>\n<figure id=\"attachment_967\" aria-describedby=\"caption-attachment-967\" style=\"width: 502px\" class=\"wp-caption alignleft\"><a href=\"http:\/\/www.mcronny-berlin.de\/wp-content\/uploads\/2014\/07\/DSC_02421.jpg\"><img decoding=\"async\" loading=\"lazy\" class=\"wp-image-967\" src=\"http:\/\/www.mcronny-berlin.de\/wp-content\/uploads\/2014\/07\/DSC_02421-300x199.jpg\" alt=\"DSC_0242\" width=\"502\" height=\"334\" srcset=\"https:\/\/www.mcronny-berlin.de\/wp-content\/uploads\/2014\/07\/DSC_02421-300x199.jpg 300w, https:\/\/www.mcronny-berlin.de\/wp-content\/uploads\/2014\/07\/DSC_02421-1024x682.jpg 1024w, https:\/\/www.mcronny-berlin.de\/wp-content\/uploads\/2014\/07\/DSC_02421.jpg 1360w\" sizes=\"(max-width: 502px) 100vw, 502px\" \/><\/a><figcaption id=\"caption-attachment-967\" class=\"wp-caption-text\">Bei Pink&#8217;s<\/figcaption><\/figure>\n<p><span style=\"font-size: 14pt; color: #603913; font-family: 'comic sans ms', sans-serif;\">Ein Besuch der USA <img decoding=\"async\" loading=\"lazy\" class=\"\" style=\"margin-left: 3px; margin-right: 3px; vertical-align: middle; -webkit-box-shadow: none; -moz-box-shadow: none; box-shadow: none;\" src=\"http:\/\/www.mcronny-berlin.de\/wp-content\/plugins\/wp-emoji-one\/icons\/1F603.png\" alt=\"\" width=\"23\" height=\"23\" \/>. Der Gedanke war schon immer sehr verlockend.\u00a0Die Idee, dieses Land <img decoding=\"async\" loading=\"lazy\" class=\"\" style=\"margin-left: 3px; margin-right: 3px; vertical-align: middle; -webkit-box-shadow: none; -moz-box-shadow: none; box-shadow: none;\" src=\"http:\/\/www.mcronny-berlin.de\/wp-content\/plugins\/wp-emoji-one\/icons\/1F1FA-1F1F8.png\" alt=\"\" width=\"27\" height=\"27\" \/>\u00a0mal nicht als Fernsehzuschauer zu erleben, hatte einen gewissen Reiz. Besonders wenn Kollegen und Bekannten immer wieder von ihren Erfahrungen davon erz\u00e4hlen. Also wieso nicht dieser Sehnsucht nachgeben und St\u00e4dte wie San Francisco, Los Angelos oder New York mal selbst erleben. Ela hatte sich mit fliegen ja im Vorjahr angefreundet, aber an Langstrecken war nicht zu denken.\u00a0 Und dann auch noch umsteigen, aus Ermangelung von Nonstopfl\u00fcgen. <img decoding=\"async\" loading=\"lazy\" class=\"\" style=\"margin-left: 3px; margin-right: 3px; vertical-align: middle; -webkit-box-shadow: none; -moz-box-shadow: none; box-shadow: none;\" src=\"http:\/\/www.mcronny-berlin.de\/wp-content\/plugins\/wp-emoji-one\/icons\/1F62F.png\" alt=\"\" width=\"29\" height=\"29\" \/><\/span><\/p>\n<figure id=\"attachment_969\" aria-describedby=\"caption-attachment-969\" style=\"width: 551px\" class=\"wp-caption alignright\"><a href=\"http:\/\/www.mcronny-berlin.de\/wp-content\/uploads\/2014\/07\/DSC_02791.jpg\"><img decoding=\"async\" loading=\"lazy\" class=\"wp-image-969\" src=\"http:\/\/www.mcronny-berlin.de\/wp-content\/uploads\/2014\/07\/DSC_02791-300x199.jpg\" alt=\"DSC_0279\" width=\"551\" height=\"367\" srcset=\"https:\/\/www.mcronny-berlin.de\/wp-content\/uploads\/2014\/07\/DSC_02791-300x199.jpg 300w, https:\/\/www.mcronny-berlin.de\/wp-content\/uploads\/2014\/07\/DSC_02791-1024x682.jpg 1024w, https:\/\/www.mcronny-berlin.de\/wp-content\/uploads\/2014\/07\/DSC_02791.jpg 1360w\" sizes=\"(max-width: 551px) 100vw, 551px\" \/><\/a><figcaption id=\"caption-attachment-969\" class=\"wp-caption-text\">in der N\u00e4he des Walk of Fame<\/figcaption><\/figure>\n<p><span style=\"color: #603913; font-family: 'comic sans ms', sans-serif; font-size: 14pt;\">Plan B. Eine Tour, Vater &amp; Sohn nach Kalifornien.\u00a0Jannick konnte ich f\u00fcr diese Idee begeistern und auch irgendwann Manuela, das sie die Genehmigung f\u00fcr diese Tour gab. Urspr\u00fcnglich sollte uns ein Freund von Jannick (Anton) begleiten. Leider stellte sich sp\u00e4ter heraus, dass genau zu dem Reisetermin Abiturpr\u00fcfungen anstanden und er vier Monate vor dem Reisetermin absagen musste. So startete die Vater Sohn Tour im Juni 2014 durch Kalifornien und Nevada.<\/span><\/p>\n<figure id=\"attachment_966\" aria-describedby=\"caption-attachment-966\" style=\"width: 524px\" class=\"wp-caption alignleft\"><a href=\"http:\/\/www.mcronny-berlin.de\/wp-content\/uploads\/2014\/07\/DSC_0068.jpg\"><img decoding=\"async\" loading=\"lazy\" class=\"wp-image-966\" src=\"http:\/\/www.mcronny-berlin.de\/wp-content\/uploads\/2014\/07\/DSC_0068-300x199.jpg\" alt=\"DSC_0068\" width=\"524\" height=\"349\" srcset=\"https:\/\/www.mcronny-berlin.de\/wp-content\/uploads\/2014\/07\/DSC_0068-300x199.jpg 300w, https:\/\/www.mcronny-berlin.de\/wp-content\/uploads\/2014\/07\/DSC_0068-1024x682.jpg 1024w, https:\/\/www.mcronny-berlin.de\/wp-content\/uploads\/2014\/07\/DSC_0068.jpg 1360w\" sizes=\"(max-width: 524px) 100vw, 524px\" \/><\/a><figcaption id=\"caption-attachment-966\" class=\"wp-caption-text\">Am Santa Monica Pier- new<\/figcaption><\/figure>\n<p>&nbsp;<\/p>\n<p><span style=\"color: #603913; font-family: 'comic sans ms', sans-serif; font-size: 18.6667px;\">Bei einer solche Reise infiziert man sich unweigerlich mit einem USA Reise Virus. Das Beschaffen von Gegenmitteln ist sinnlos, die meisten Patient verweigern sowieso die Einnahme. Als Patient Zero, steckte ich dann Ela und Debbie an. So entstand die Planung f\u00fcr eine Westk\u00fcstentour 2015 im Sp\u00e4tsommer. Debbie plante f\u00fcr 2015 eine Florida Tour. Nach meiner Aussage &#8220;Ich w\u00fcrde gerne mit meiner Tochter verreisen&#8221; wurde es eine 4 Personen Reise in den Westen der USA. Diesmal etwas anders, etwas mehr aber eine genauso tolle Tour wie 2014.<\/span><\/p>\n<figure id=\"attachment_965\" aria-describedby=\"caption-attachment-965\" style=\"width: 558px\" class=\"wp-caption alignright\"><a href=\"http:\/\/www.mcronny-berlin.de\/wp-content\/uploads\/2014\/07\/20140616_2023262.jpg\"><img decoding=\"async\" loading=\"lazy\" class=\"wp-image-965\" src=\"http:\/\/www.mcronny-berlin.de\/wp-content\/uploads\/2014\/07\/20140616_2023262-300x167.jpg\" alt=\"20140616_202326\" width=\"558\" height=\"313\" srcset=\"https:\/\/www.mcronny-berlin.de\/wp-content\/uploads\/2014\/07\/20140616_2023262-300x167.jpg 300w, https:\/\/www.mcronny-berlin.de\/wp-content\/uploads\/2014\/07\/20140616_2023262-1024x572.jpg 1024w, https:\/\/www.mcronny-berlin.de\/wp-content\/uploads\/2014\/07\/20140616_2023262.jpg 1360w\" sizes=\"(max-width: 558px) 100vw, 558px\" \/><\/a><figcaption id=\"caption-attachment-965\" class=\"wp-caption-text\">Die Dodgers vs. Colorado<\/figcaption><\/figure>\n<p><span style=\"color: #603913; font-family: 'comic sans ms', sans-serif; font-size: 14pt;\">F\u00fcr 2016 stand ein runder Geburtstag an, und wo kann man ihn besser feiern als in New York. Da wir beide auch das Meer lieben sollte diese Reise im Sunshine State enden. Es entstand eine Tour 2016, mit 4 Tage Big Apple am Anfang, und einer kleinen Rundreise durch Florida, mit viel warmen Wasser des Atlantiks und den Besuch des s\u00fcdlichsten Punkt der USA. Nat\u00fcrlich waren auch Highlights wie Sea World, Airboat fahren in den Everglades und der Besuche eines Baseball Spiels Bestandteil des Programms. Mit den Feierlichkeiten zum Independent Day an 4th July endete ein fantastischer Urlaub. <\/span><\/p>\n<p><span style=\"color: #603913; font-family: 'comic sans ms', sans-serif; font-size: 14pt;\">Die Flugtickets f\u00fcr 2017 hatten wir noch vor unserem Start nach NYC gebucht. Statt wie gewohnt mit Britsh Airways ging es mit Norwegian Airline \u00fcber den Atlantik. Wieder ging es an die Westenk\u00fcste, diesmal mit dem Hauptaugenmerk auf den Grand Canyon und Las Vegas. Start war in Los Angeles, nicht die sch\u00f6nste Stadt, aber wir m\u00f6gen sie beide. Die neun Tage-Tour beinhaltete die vier Staaten Kalifornien, Nevada, Arizone und Utah und war wieder eine intensive Erfahrung und sicherlich nicht die letzte im Westen der USA.<\/span><\/p>\n<p><span style=\"color: #603913; font-family: 'comic sans ms', sans-serif; font-size: 14pt;\">Auch 2018 soll es wieder in die USA gehen. Die ersten \u00dcberlegungen waren nach Texas zu fliegen und in Richtung Florida zu fahren. Aber im Augenblick sieht es eher nach einen Roundtrip durch die S\u00fcdstaaten, beginnend in Atlanta aus.<br \/>\n<\/span><\/p>\n<p><span style=\"color: #603913; font-family: 'comic sans ms', sans-serif; font-size: 14pt;\"><br \/>\n<\/span><\/p>\n<p>&nbsp;<\/p>\n<p>&nbsp;<\/p>\n<p><span style=\"color: #993300; font-family: 'comic sans ms', sans-serif; font-size: 14pt;\">\u00a0<\/span><\/p>\n<div class=\"shariff shariff-align-flex-start shariff-widget-align-flex-start\" data-services=\"facebook\" data-url=\"https%3A%2F%2Fwww.mcronny-berlin.de%2F%3Fpage_id%3D311\" data-timestamp=\"1519563980\" data-hidezero=\"1\" data-backendurl=\"?rest_route=\/shariff\/v1\/share_counts&\"><div class=\"ShariffHeadline\">Teile diesen Beitrag<\/div><ul class=\"shariff-buttons theme-default orientation-horizontal buttonsize-medium\"><li class=\"shariff-button facebook shariff-nocustomcolor\" style=\"background-color:#4273c8\"><a href=\"https:\/\/www.facebook.com\/sharer\/sharer.php?u=https%3A%2F%2Fwww.mcronny-berlin.de%2F%3Fpage_id%3D311\" title=\"Bei Facebook teilen\" aria-label=\"Bei Facebook teilen\" role=\"button\" rel=\"nofollow\" class=\"shariff-link\" style=\"; background-color:#3b5998; color:#fff\" target=\"_blank\"><span class=\"shariff-icon\" style=\"\"><svg width=\"32px\" height=\"20px\" xmlns=\"http:\/\/www.w3.org\/2000\/svg\" viewBox=\"0 0 18 32\"><path fill=\"#3b5998\" d=\"M17.1 0.2v4.7h-2.8q-1.5 0-2.1 0.6t-0.5 1.9v3.4h5.2l-0.7 5.3h-4.5v13.6h-5.5v-13.6h-4.5v-5.3h4.5v-3.9q0-3.3 1.9-5.2t5-1.8q2.6 0 4.1 0.2z\"\/><\/svg><\/span><span class=\"shariff-text\">teilen<\/span>&nbsp;<span data-service=\"facebook\" style=\"color:#3b5998\" class=\"shariff-count shariff-hidezero\"><\/span>&nbsp;<\/a><\/li><\/ul><\/div>","protected":false},"excerpt":{"rendered":"<p>&nbsp; Ein Besuch der USA . Der Gedanke war schon immer sehr verlockend.\u00a0Die Idee, dieses Land \u00a0mal nicht als Fernsehzuschauer zu erleben, hatte einen gewissen Reiz. Besonders wenn Kollegen und Bekannten immer wieder von ihren Erfahrungen davon erz\u00e4hlen. Also wieso nicht dieser Sehnsucht nachgeben und St\u00e4dte wie San Francisco, Los Angelos oder New York mal&#8230;<\/p>\n<div class=\"shariff shariff-align-flex-start shariff-widget-align-flex-start\" data-services=\"facebook\" data-url=\"https%3A%2F%2Fwww.mcronny-berlin.de%2F%3Fpage_id%3D311\" data-timestamp=\"1519563980\" data-hidezero=\"1\" data-backendurl=\"?rest_route=\/shariff\/v1\/share_counts&\"><div class=\"ShariffHeadline\">Teile diesen Beitrag<\/div><ul class=\"shariff-buttons theme-default orientation-horizontal buttonsize-medium\"><li class=\"shariff-button facebook shariff-nocustomcolor\" style=\"background-color:#4273c8\"><a href=\"https:\/\/www.facebook.com\/sharer\/sharer.php?u=https%3A%2F%2Fwww.mcronny-berlin.de%2F%3Fpage_id%3D311\" title=\"Bei Facebook teilen\" aria-label=\"Bei Facebook teilen\" role=\"button\" rel=\"nofollow\" class=\"shariff-link\" style=\"; background-color:#3b5998; color:#fff\" target=\"_blank\"><span class=\"shariff-icon\" style=\"\"><svg width=\"32px\" height=\"20px\" xmlns=\"http:\/\/www.w3.org\/2000\/svg\" viewBox=\"0 0 18 32\"><path fill=\"#3b5998\" d=\"M17.1 0.2v4.7h-2.8q-1.5 0-2.1 0.6t-0.5 1.9v3.4h5.2l-0.7 5.3h-4.5v13.6h-5.5v-13.6h-4.5v-5.3h4.5v-3.9q0-3.3 1.9-5.2t5-1.8q2.6 0 4.1 0.2z\"\/><\/svg><\/span><span class=\"shariff-text\">teilen<\/span>&nbsp;<span data-service=\"facebook\" style=\"color:#3b5998\" class=\"shariff-count shariff-hidezero\"><\/span>&nbsp;<\/a><\/li><\/ul><\/div>","protected":false},"author":1,"featured_media":0,"parent":0,"menu_order":0,"comment_status":"closed","ping_status":"closed","template":"page-fullwidth.php","meta":{"_uag_custom_page_level_css":"","_themeisle_gutenberg_block_has_review":false},"featured_image_urls":{"full":"","thumbnail":"","medium":"","medium_large":"","large":"","1536x1536":"","2048x2048":"","ab-block-post-grid-landscape":"","ab-block-post-grid-square":"","gb-block-post-grid-landscape":"","gb-block-post-grid-square":"","freak-slider-thumb":"","freak-pop-thumb":"","freak-thumb":""},"post_excerpt_stackable":"<p>Monument Valley &#8211; UtahThe Half Dome &#8211; KalifornienLas VegasThe Golden Gate BridgeThe Big Apple &nbsp; Bei Pink&#8217;s Ein Besuch der USA . Der Gedanke war schon immer sehr verlockend.\u00a0Die Idee, dieses Land \u00a0mal nicht als Fernsehzuschauer zu erleben, hatte einen gewissen Reiz. Besonders wenn Kollegen und Bekannten immer wieder von ihren Erfahrungen davon erz\u00e4hlen. Also wieso nicht dieser Sehnsucht nachgeben und St\u00e4dte wie San Francisco, Los Angelos oder New York mal selbst erleben. Ela hatte sich mit fliegen ja im Vorjahr angefreundet, aber an Langstrecken war nicht zu denken.\u00a0 Und dann auch noch umsteigen, aus Ermangelung von Nonstopfl\u00fcgen. in der&hellip;<\/p>\n<div class=\"shariff shariff-align-flex-start shariff-widget-align-flex-start\" data-services=\"facebook\" data-url=\"https%3A%2F%2Fwww.mcronny-berlin.de%2F%3Fpage_id%3D311\" data-timestamp=\"1519563980\" data-hidezero=\"1\" data-backendurl=\"?rest_route=\/shariff\/v1\/share_counts&\"><div class=\"ShariffHeadline\">Teile diesen Beitrag<\/div><ul class=\"shariff-buttons theme-default orientation-horizontal buttonsize-medium\"><li class=\"shariff-button facebook shariff-nocustomcolor\" style=\"background-color:#4273c8\"><a href=\"https:\/\/www.facebook.com\/sharer\/sharer.php?u=https%3A%2F%2Fwww.mcronny-berlin.de%2F%3Fpage_id%3D311\" title=\"Bei Facebook teilen\" aria-label=\"Bei Facebook teilen\" role=\"button\" rel=\"nofollow\" class=\"shariff-link\" style=\"; background-color:#3b5998; color:#fff\" target=\"_blank\"><span class=\"shariff-icon\" style=\"\"><svg width=\"32px\" height=\"20px\" xmlns=\"http:\/\/www.w3.org\/2000\/svg\" viewBox=\"0 0 18 32\"><path fill=\"#3b5998\" d=\"M17.1 0.2v4.7h-2.8q-1.5 0-2.1 0.6t-0.5 1.9v3.4h5.2l-0.7 5.3h-4.5v13.6h-5.5v-13.6h-4.5v-5.3h4.5v-3.9q0-3.3 1.9-5.2t5-1.8q2.6 0 4.1 0.2z\"\/><\/svg><\/span><span class=\"shariff-text\">teilen<\/span>&nbsp;<span data-service=\"facebook\" style=\"color:#3b5998\" class=\"shariff-count shariff-hidezero\"><\/span>&nbsp;<\/a><\/li><\/ul><\/div>","category_list":"","author_info":{"name":"McRonny","url":"https:\/\/www.mcronny-berlin.de\/?author=1"},"comments_num":"0 comments","featured_image_urls_v2":{"full":"","thumbnail":"","medium":"","medium_large":"","large":"","1536x1536":"","2048x2048":"","ab-block-post-grid-landscape":"","ab-block-post-grid-square":"","gb-block-post-grid-landscape":"","gb-block-post-grid-square":"","freak-slider-thumb":"","freak-pop-thumb":"","freak-thumb":""},"post_excerpt_stackable_v2":"<p>Monument Valley &#8211; UtahThe Half Dome &#8211; KalifornienLas VegasThe Golden Gate BridgeThe Big Apple &nbsp; Bei Pink&#8217;s Ein Besuch der USA . Der Gedanke war schon immer sehr verlockend.\u00a0Die Idee, dieses Land \u00a0mal nicht als Fernsehzuschauer zu erleben, hatte einen gewissen Reiz. Besonders wenn Kollegen und Bekannten immer wieder von ihren Erfahrungen davon erz\u00e4hlen. Also wieso nicht dieser Sehnsucht nachgeben und St\u00e4dte wie San Francisco, Los Angelos oder New York mal selbst erleben. Ela hatte sich mit fliegen ja im Vorjahr angefreundet, aber an Langstrecken war nicht zu denken.\u00a0 Und dann auch noch umsteigen, aus Ermangelung von Nonstopfl\u00fcgen. in der&hellip;<\/p>\n<div class=\"shariff shariff-align-flex-start shariff-widget-align-flex-start\" data-services=\"facebook\" data-url=\"https%3A%2F%2Fwww.mcronny-berlin.de%2F%3Fpage_id%3D311\" data-timestamp=\"1519563980\" data-hidezero=\"1\" data-backendurl=\"?rest_route=\/shariff\/v1\/share_counts&\"><div class=\"ShariffHeadline\">Teile diesen Beitrag<\/div><ul class=\"shariff-buttons theme-default orientation-horizontal buttonsize-medium\"><li class=\"shariff-button facebook shariff-nocustomcolor\" style=\"background-color:#4273c8\"><a href=\"https:\/\/www.facebook.com\/sharer\/sharer.php?u=https%3A%2F%2Fwww.mcronny-berlin.de%2F%3Fpage_id%3D311\" title=\"Bei Facebook teilen\" aria-label=\"Bei Facebook teilen\" role=\"button\" rel=\"nofollow\" class=\"shariff-link\" style=\"; background-color:#3b5998; color:#fff\" target=\"_blank\"><span class=\"shariff-icon\" style=\"\"><svg width=\"32px\" height=\"20px\" xmlns=\"http:\/\/www.w3.org\/2000\/svg\" viewBox=\"0 0 18 32\"><path fill=\"#3b5998\" d=\"M17.1 0.2v4.7h-2.8q-1.5 0-2.1 0.6t-0.5 1.9v3.4h5.2l-0.7 5.3h-4.5v13.6h-5.5v-13.6h-4.5v-5.3h4.5v-3.9q0-3.3 1.9-5.2t5-1.8q2.6 0 4.1 0.2z\"\/><\/svg><\/span><span class=\"shariff-text\">teilen<\/span>&nbsp;<span data-service=\"facebook\" style=\"color:#3b5998\" class=\"shariff-count shariff-hidezero\"><\/span>&nbsp;<\/a><\/li><\/ul><\/div>","category_list_v2":"","author_info_v2":{"name":"McRonny","url":"https:\/\/www.mcronny-berlin.de\/?author=1"},"comments_num_v2":"0 comments","featured_image_src":null,"featured_image_src_square":null,"uagb_featured_image_src":{"full":false,"thumbnail":false,"medium":false,"medium_large":false,"large":false,"1536x1536":false,"2048x2048":false,"ab-block-post-grid-landscape":false,"ab-block-post-grid-square":false,"gb-block-post-grid-landscape":false,"gb-block-post-grid-square":false,"freak-slider-thumb":false,"freak-pop-thumb":false,"freak-thumb":false},"uagb_author_info":{"display_name":"McRonny","author_link":"https:\/\/www.mcronny-berlin.de\/?author=1"},"uagb_comment_info":0,"uagb_excerpt":"&nbsp; Ein Besuch der USA . Der Gedanke war schon immer sehr verlockend.\u00a0Die Idee, dieses Land \u00a0mal nicht als Fernsehzuschauer zu erleben, hatte einen gewissen Reiz. Besonders wenn Kollegen und Bekannten immer wieder von ihren Erfahrungen davon erz\u00e4hlen. Also wieso nicht dieser Sehnsucht nachgeben und St\u00e4dte wie San Francisco, Los Angelos oder New York mal...","_links":{"self":[{"href":"https:\/\/www.mcronny-berlin.de\/index.php?rest_route=\/wp\/v2\/pages\/311"}],"collection":[{"href":"https:\/\/www.mcronny-berlin.de\/index.php?rest_route=\/wp\/v2\/pages"}],"about":[{"href":"https:\/\/www.mcronny-berlin.de\/index.php?rest_route=\/wp\/v2\/types\/page"}],"author":[{"embeddable":true,"href":"https:\/\/www.mcronny-berlin.de\/index.php?rest_route=\/wp\/v2\/users\/1"}],"replies":[{"embeddable":true,"href":"https:\/\/www.mcronny-berlin.de\/index.php?rest_route=%2Fwp%2Fv2%2Fcomments&post=311"}],"version-history":[{"count":66,"href":"https:\/\/www.mcronny-berlin.de\/index.php?rest_route=\/wp\/v2\/pages\/311\/revisions"}],"predecessor-version":[{"id":6313,"href":"https:\/\/www.mcronny-berlin.de\/index.php?rest_route=\/wp\/v2\/pages\/311\/revisions\/6313"}],"wp:attachment":[{"href":"https:\/\/www.mcronny-berlin.de\/index.php?rest_route=%2Fwp%2Fv2%2Fmedia&parent=311"}],"curies":[{"name":"wp","href":"https:\/\/api.w.org\/{rel}","templated":true}]}}